{"id":194,"date":"2024-08-01T07:09:56","date_gmt":"2024-08-01T07:09:56","guid":{"rendered":"https:\/\/niksnaks.taigacreative.fi\/?page_id=194"},"modified":"2024-10-08T06:33:04","modified_gmt":"2024-10-08T06:33:04","slug":"tuotteet","status":"publish","type":"page","link":"https:\/\/niksnaks.taigacreative.fi\/index.php\/tuotteet\/","title":{"rendered":"Tuotteet"},"content":{"rendered":"\t\t<div data-elementor-type=\"wp-page\" data-elementor-id=\"194\" class=\"elementor elementor-194\" data-elementor-post-type=\"page\">\n\t\t\t\t<div class=\"elementor-element elementor-element-0cc80c3 e-con-full e-flex e-con e-parent\" data-id=\"0cc80c3\" data-element_type=\"container\" data-e-type=\"container\" data-settings=\"{&quot;background_background&quot;:&quot;classic&quot;,&quot;shape_divider_bottom&quot;:&quot;triangle&quot;,&quot;shape_divider_bottom_negative&quot;:&quot;yes&quot;}\">\n\t\t\t\t<div class=\"elementor-shape elementor-shape-bottom\" aria-hidden=\"true\" data-negative=\"true\">\n\t\t\t<svg xmlns=\"http:\/\/www.w3.org\/2000\/svg\" viewBox=\"0 0 1000 100\" preserveAspectRatio=\"none\">\n\t<path class=\"elementor-shape-fill\" d=\"M500.2,94.7L0,0v100h1000V0L500.2,94.7z\"\/>\n<\/svg>\t\t<\/div>\n\t\t<div class=\"elementor-element elementor-element-011f68f e-flex e-con-boxed e-con e-child\" data-id=\"011f68f\" data-element_type=\"container\" data-e-type=\"container\">\n\t\t\t\t\t<div class=\"e-con-inner\">\n\t\t\t\t<div class=\"elementor-element elementor-element-48c0408 elementor-widget elementor-widget-spacer\" data-id=\"48c0408\" data-element_type=\"widget\" data-e-type=\"widget\" data-widget_type=\"spacer.default\">\n\t\t\t\t<div class=\"elementor-widget-container\">\n\t\t\t\t\t\t\t<div class=\"elementor-spacer\">\n\t\t\t<div class=\"elementor-spacer-inner\"><\/div>\n\t\t<\/div>\n\t\t\t\t\t\t<\/div>\n\t\t\t\t<\/div>\n\t\t\t\t\t<\/div>\n\t\t\t\t<\/div>\n\t\t<div class=\"elementor-element elementor-element-51d80e3 e-con-full e-flex e-con e-child\" data-id=\"51d80e3\" data-element_type=\"container\" data-e-type=\"container\">\n\t\t\t\t<div class=\"elementor-element elementor-element-ac286b6 elementor-widget elementor-widget-heading\" data-id=\"ac286b6\" data-element_type=\"widget\" data-e-type=\"widget\" data-widget_type=\"heading.default\">\n\t\t\t\t<div class=\"elementor-widget-container\">\n\t\t\t\t\t<h1 class=\"elementor-heading-title elementor-size-default\">TUOTTEET<\/h1>\t\t\t\t<\/div>\n\t\t\t\t<\/div>\n\t\t\t\t<\/div>\n\t\t\t\t<\/div>\n\t\t<div class=\"elementor-element elementor-element-a893730 e-con-full e-flex e-con e-parent\" data-id=\"a893730\" data-element_type=\"container\" data-e-type=\"container\">\n\t\t\t\t<div class=\"elementor-element elementor-element-7c3d957 elementor-widget elementor-widget-text-editor\" data-id=\"7c3d957\" data-element_type=\"widget\" data-e-type=\"widget\" data-widget_type=\"text-editor.default\">\n\t\t\t\t<div class=\"elementor-widget-container\">\n\t\t\t\t\t\t\t\t\t<p>NiksNaks on k\u00e4tev\u00e4 m\u00f6nkij\u00f6ille tarkoitettu lis\u00e4varustesarja, jota olemme kehitt\u00e4neet jo vuodesta 2005.<\/p><p>N-S4 on dynaaminen ja moderni s\u00e4hk\u00f6inen menopeli, joka mullistaa k\u00e4sityksen skootterilla ajamisesta. Tutustu my\u00f6s X-1R tuotesarjaan.<\/p>\t\t\t\t\t\t\t\t<\/div>\n\t\t\t\t<\/div>\n\t\t\t\t<\/div>\n\t\t<div class=\"elementor-element elementor-element-eea0fc2 e-flex e-con-boxed e-con e-parent\" data-id=\"eea0fc2\" data-element_type=\"container\" data-e-type=\"container\">\n\t\t\t\t\t<div class=\"e-con-inner\">\n\t\t<div class=\"elementor-element elementor-element-4b0c4fb e-con-full e-flex e-con e-child\" data-id=\"4b0c4fb\" data-element_type=\"container\" data-e-type=\"container\">\n\t\t\t\t<div class=\"elementor-element elementor-element-0031fb4 elementor-position-left elementor-vertical-align-middle elementor-hidden-tablet elementor-widget elementor-widget-image-box\" data-id=\"0031fb4\" data-element_type=\"widget\" data-e-type=\"widget\" data-widget_type=\"image-box.default\">\n\t\t\t\t<div class=\"elementor-widget-container\">\n\t\t\t\t\t<div class=\"elementor-image-box-wrapper\"><figure class=\"elementor-image-box-img\"><img fetchpriority=\"high\" decoding=\"async\" width=\"800\" height=\"480\" src=\"https:\/\/niksnaks.taigacreative.fi\/wp-content\/uploads\/2024\/08\/niksnaks_perhekuva_utv.jpg\" class=\"attachment-full size-full wp-image-200\" alt=\"\" srcset=\"https:\/\/niksnaks.taigacreative.fi\/wp-content\/uploads\/2024\/08\/niksnaks_perhekuva_utv.jpg 800w, https:\/\/niksnaks.taigacreative.fi\/wp-content\/uploads\/2024\/08\/niksnaks_perhekuva_utv-300x180.jpg 300w, https:\/\/niksnaks.taigacreative.fi\/wp-content\/uploads\/2024\/08\/niksnaks_perhekuva_utv-768x461.jpg 768w\" sizes=\"(max-width: 800px) 100vw, 800px\" \/><\/figure><div class=\"elementor-image-box-content\"><h3 class=\"elementor-image-box-title\">NiksNaks<\/h3><p class=\"elementor-image-box-description\">Helppok\u00e4ytt\u00f6inen lis\u00e4varustesarja m\u00f6nkij\u00f6ihin.\n<br>\n<a href=\"https:\/\/niksnaks.taigacreative.fi\/index.php\/tuotteet\/niksnaks-tuoteperhe\/\">Lue lis\u00e4\u00e4 &gt;&gt;<\/a><\/p><\/div><\/div>\t\t\t\t<\/div>\n\t\t\t\t<\/div>\n\t\t\t\t<div class=\"elementor-element elementor-element-c0a18ca elementor-hidden-desktop elementor-hidden-mobile elementor-position-top elementor-widget elementor-widget-image-box\" data-id=\"c0a18ca\" data-element_type=\"widget\" data-e-type=\"widget\" data-widget_type=\"image-box.default\">\n\t\t\t\t<div class=\"elementor-widget-container\">\n\t\t\t\t\t<div class=\"elementor-image-box-wrapper\"><figure class=\"elementor-image-box-img\"><img fetchpriority=\"high\" decoding=\"async\" width=\"800\" height=\"480\" src=\"https:\/\/niksnaks.taigacreative.fi\/wp-content\/uploads\/2024\/08\/niksnaks_perhekuva_utv.jpg\" class=\"attachment-full size-full wp-image-200\" alt=\"\" srcset=\"https:\/\/niksnaks.taigacreative.fi\/wp-content\/uploads\/2024\/08\/niksnaks_perhekuva_utv.jpg 800w, https:\/\/niksnaks.taigacreative.fi\/wp-content\/uploads\/2024\/08\/niksnaks_perhekuva_utv-300x180.jpg 300w, https:\/\/niksnaks.taigacreative.fi\/wp-content\/uploads\/2024\/08\/niksnaks_perhekuva_utv-768x461.jpg 768w\" sizes=\"(max-width: 800px) 100vw, 800px\" \/><\/figure><div class=\"elementor-image-box-content\"><h3 class=\"elementor-image-box-title\">NiksNaks<\/h3><p class=\"elementor-image-box-description\">Helppok\u00e4ytt\u00f6inen lis\u00e4varustesarja m\u00f6nkij\u00f6ihin.\n<br>\n<a href=\"https:\/\/niksnaks.taigacreative.fi\/index.php\/tuotteet\/niksnaks-tuoteperhe\/\">Lue lis\u00e4\u00e4 &gt;&gt;<\/a><\/p><\/div><\/div>\t\t\t\t<\/div>\n\t\t\t\t<\/div>\n\t\t\t\t<\/div>\n\t\t<div class=\"elementor-element elementor-element-9d3c41a e-con-full e-flex e-con e-child\" data-id=\"9d3c41a\" data-element_type=\"container\" data-e-type=\"container\">\n\t\t\t\t<div class=\"elementor-element elementor-element-1ff9670 elementor-position-left elementor-vertical-align-middle elementor-hidden-tablet elementor-widget elementor-widget-image-box\" data-id=\"1ff9670\" data-element_type=\"widget\" data-e-type=\"widget\" data-widget_type=\"image-box.default\">\n\t\t\t\t<div class=\"elementor-widget-container\">\n\t\t\t\t\t<div class=\"elementor-image-box-wrapper\"><figure class=\"elementor-image-box-img\"><img decoding=\"async\" width=\"800\" height=\"533\" src=\"https:\/\/niksnaks.taigacreative.fi\/wp-content\/uploads\/2024\/07\/800x800.jpg\" class=\"attachment-full size-full wp-image-128\" alt=\"\" srcset=\"https:\/\/niksnaks.taigacreative.fi\/wp-content\/uploads\/2024\/07\/800x800.jpg 800w, https:\/\/niksnaks.taigacreative.fi\/wp-content\/uploads\/2024\/07\/800x800-300x200.jpg 300w, https:\/\/niksnaks.taigacreative.fi\/wp-content\/uploads\/2024\/07\/800x800-768x512.jpg 768w\" sizes=\"(max-width: 800px) 100vw, 800px\" \/><\/figure><div class=\"elementor-image-box-content\"><h3 class=\"elementor-image-box-title\">N-S4 s\u00e4hk\u00f6skootteri<\/h3><p class=\"elementor-image-box-description\">P\u00e4\u00e4st\u00f6t\u00f6n tulevaisuuden menopeli.<\/p><\/div><\/div>\t\t\t\t<\/div>\n\t\t\t\t<\/div>\n\t\t\t\t<div class=\"elementor-element elementor-element-e825309 elementor-hidden-desktop elementor-hidden-mobile elementor-position-top elementor-widget elementor-widget-image-box\" data-id=\"e825309\" data-element_type=\"widget\" data-e-type=\"widget\" data-widget_type=\"image-box.default\">\n\t\t\t\t<div class=\"elementor-widget-container\">\n\t\t\t\t\t<div class=\"elementor-image-box-wrapper\"><figure class=\"elementor-image-box-img\"><img decoding=\"async\" width=\"800\" height=\"533\" src=\"https:\/\/niksnaks.taigacreative.fi\/wp-content\/uploads\/2024\/07\/800x800.jpg\" class=\"attachment-full size-full wp-image-128\" alt=\"\" srcset=\"https:\/\/niksnaks.taigacreative.fi\/wp-content\/uploads\/2024\/07\/800x800.jpg 800w, https:\/\/niksnaks.taigacreative.fi\/wp-content\/uploads\/2024\/07\/800x800-300x200.jpg 300w, https:\/\/niksnaks.taigacreative.fi\/wp-content\/uploads\/2024\/07\/800x800-768x512.jpg 768w\" sizes=\"(max-width: 800px) 100vw, 800px\" \/><\/figure><div class=\"elementor-image-box-content\"><h3 class=\"elementor-image-box-title\">N-S4 s\u00e4hk\u00f6-<br>skootteri<\/h3><p class=\"elementor-image-box-description\">P\u00e4\u00e4st\u00f6t\u00f6n tulevaisuuden menopeli.<\/p><\/div><\/div>\t\t\t\t<\/div>\n\t\t\t\t<\/div>\n\t\t\t\t<\/div>\n\t\t<div class=\"elementor-element elementor-element-42a8bb8 e-con-full e-flex e-con e-child\" data-id=\"42a8bb8\" data-element_type=\"container\" data-e-type=\"container\">\n\t\t\t\t<div class=\"elementor-element elementor-element-d055e51 elementor-position-left elementor-vertical-align-middle elementor-hidden-tablet elementor-widget elementor-widget-image-box\" data-id=\"d055e51\" data-element_type=\"widget\" data-e-type=\"widget\" data-widget_type=\"image-box.default\">\n\t\t\t\t<div class=\"elementor-widget-container\">\n\t\t\t\t\t<div class=\"elementor-image-box-wrapper\"><figure class=\"elementor-image-box-img\"><img decoding=\"async\" width=\"800\" height=\"480\" src=\"https:\/\/niksnaks.taigacreative.fi\/wp-content\/uploads\/2024\/08\/X-1R_logo_800x480.jpg\" class=\"attachment-full size-full wp-image-201\" alt=\"\" srcset=\"https:\/\/niksnaks.taigacreative.fi\/wp-content\/uploads\/2024\/08\/X-1R_logo_800x480.jpg 800w, https:\/\/niksnaks.taigacreative.fi\/wp-content\/uploads\/2024\/08\/X-1R_logo_800x480-300x180.jpg 300w, https:\/\/niksnaks.taigacreative.fi\/wp-content\/uploads\/2024\/08\/X-1R_logo_800x480-768x461.jpg 768w\" sizes=\"(max-width: 800px) 100vw, 800px\" \/><\/figure><div class=\"elementor-image-box-content\"><h3 class=\"elementor-image-box-title\">X-1R<\/h3><p class=\"elementor-image-box-description\">Metallinhoitoaine, polttoaineen lis\u00e4aineet ja vaseliinit.\n<br>\n<a href=\"https:\/\/indd.adobe.com\/view\/23a8c8f4-12fc-40a5-80a9-10bb27493265\">Katso yleisesite &gt;&gt;<\/a>\n<br>\n<a href=\"https:\/\/indd.adobe.com\/view\/5bc1df02-0780-459f-ba11-e58ed9c94e07\">Katso tuotelehdet &gt;&gt;<\/a><\/p><\/div><\/div>\t\t\t\t<\/div>\n\t\t\t\t<\/div>\n\t\t\t\t<div class=\"elementor-element elementor-element-8194d3c elementor-hidden-desktop elementor-hidden-mobile elementor-position-top elementor-widget elementor-widget-image-box\" data-id=\"8194d3c\" data-element_type=\"widget\" data-e-type=\"widget\" data-widget_type=\"image-box.default\">\n\t\t\t\t<div class=\"elementor-widget-container\">\n\t\t\t\t\t<div class=\"elementor-image-box-wrapper\"><figure class=\"elementor-image-box-img\"><img decoding=\"async\" width=\"800\" height=\"480\" src=\"https:\/\/niksnaks.taigacreative.fi\/wp-content\/uploads\/2024\/08\/X-1R_logo_800x480.jpg\" class=\"attachment-full size-full wp-image-201\" alt=\"\" srcset=\"https:\/\/niksnaks.taigacreative.fi\/wp-content\/uploads\/2024\/08\/X-1R_logo_800x480.jpg 800w, https:\/\/niksnaks.taigacreative.fi\/wp-content\/uploads\/2024\/08\/X-1R_logo_800x480-300x180.jpg 300w, https:\/\/niksnaks.taigacreative.fi\/wp-content\/uploads\/2024\/08\/X-1R_logo_800x480-768x461.jpg 768w\" sizes=\"(max-width: 800px) 100vw, 800px\" \/><\/figure><div class=\"elementor-image-box-content\"><h3 class=\"elementor-image-box-title\">X-1R<\/h3><p class=\"elementor-image-box-description\">Metallinhoitoaine, polttoaineen lis\u00e4aineet ja vaseliinit.\n<br>\n<a href=\"https:\/\/indd.adobe.com\/view\/23a8c8f4-12fc-40a5-80a9-10bb27493265\">Katso yleisesite &gt;&gt;<\/a>\n<br>\n<a href=\"https:\/\/indd.adobe.com\/view\/5bc1df02-0780-459f-ba11-e58ed9c94e07\">Katso tuotelehdet &gt;&gt;<\/a><\/p><\/div><\/div>\t\t\t\t<\/div>\n\t\t\t\t<\/div>\n\t\t\t\t<\/div>\n\t\t\t\t\t<\/div>\n\t\t\t\t<\/div>\n\t\t<div class=\"elementor-element elementor-element-9a948bc e-flex e-con-boxed e-con e-parent\" data-id=\"9a948bc\" data-element_type=\"container\" data-e-type=\"container\" data-settings=\"{&quot;background_background&quot;:&quot;classic&quot;,&quot;shape_divider_top&quot;:&quot;triangle&quot;,&quot;shape_divider_top_negative&quot;:&quot;yes&quot;}\">\n\t\t\t\t\t<div class=\"e-con-inner\">\n\t\t\t\t<div class=\"elementor-shape elementor-shape-top\" aria-hidden=\"true\" data-negative=\"true\">\n\t\t\t<svg xmlns=\"http:\/\/www.w3.org\/2000\/svg\" viewBox=\"0 0 1000 100\" preserveAspectRatio=\"none\">\n\t<path class=\"elementor-shape-fill\" d=\"M500.2,94.7L0,0v100h1000V0L500.2,94.7z\"\/>\n<\/svg>\t\t<\/div>\n\t\t\t\t<div class=\"elementor-element elementor-element-c5bec46 elementor-widget elementor-widget-spacer\" data-id=\"c5bec46\" data-element_type=\"widget\" data-e-type=\"widget\" data-widget_type=\"spacer.default\">\n\t\t\t\t<div class=\"elementor-widget-container\">\n\t\t\t\t\t\t\t<div class=\"elementor-spacer\">\n\t\t\t<div class=\"elementor-spacer-inner\"><\/div>\n\t\t<\/div>\n\t\t\t\t\t\t<\/div>\n\t\t\t\t<\/div>\n\t\t\t\t\t<\/div>\n\t\t\t\t<\/div>\n\t\t\t\t<\/div>\n\t\t","protected":false},"excerpt":{"rendered":"<p>TUOTTEET NiksNaks on k\u00e4tev\u00e4 m\u00f6nkij\u00f6ille tarkoitettu lis\u00e4varustesarja, jota olemme kehitt\u00e4neet jo vuodesta 2005. N-S4 on dynaaminen ja moderni s\u00e4hk\u00f6inen menopeli, joka mullistaa k\u00e4sityksen skootterilla ajamisesta. Tutustu my\u00f6s X-1R tuotesarjaan. NiksNaks Helppok\u00e4ytt\u00f6inen lis\u00e4varustesarja m\u00f6nkij\u00f6ihin. Lue lis\u00e4\u00e4 >> NiksNaks Helppok\u00e4ytt\u00f6inen lis\u00e4varustesarja m\u00f6nkij\u00f6ihin. Lue lis\u00e4\u00e4 >> N-S4 s\u00e4hk\u00f6skootteri P\u00e4\u00e4st\u00f6t\u00f6n tulevaisuuden menopeli. N-S4 s\u00e4hk\u00f6-skootteri P\u00e4\u00e4st\u00f6t\u00f6n tulevaisuuden menopeli. X-1R Metallinhoitoaine, [&hellip;]<\/p>\n","protected":false},"author":1,"featured_media":0,"parent":0,"menu_order":0,"comment_status":"closed","ping_status":"closed","template":"elementor_header_footer","meta":{"footnotes":""},"class_list":["post-194","page","type-page","status-publish","hentry"],"_links":{"self":[{"href":"https:\/\/niksnaks.taigacreative.fi\/index.php\/wp-json\/wp\/v2\/pages\/194","targetHints":{"allow":["GET"]}}],"collection":[{"href":"https:\/\/niksnaks.taigacreative.fi\/index.php\/wp-json\/wp\/v2\/pages"}],"about":[{"href":"https:\/\/niksnaks.taigacreative.fi\/index.php\/wp-json\/wp\/v2\/types\/page"}],"author":[{"embeddable":true,"href":"https:\/\/niksnaks.taigacreative.fi\/index.php\/wp-json\/wp\/v2\/users\/1"}],"replies":[{"embeddable":true,"href":"https:\/\/niksnaks.taigacreative.fi\/index.php\/wp-json\/wp\/v2\/comments?post=194"}],"version-history":[{"count":43,"href":"https:\/\/niksnaks.taigacreative.fi\/index.php\/wp-json\/wp\/v2\/pages\/194\/revisions"}],"predecessor-version":[{"id":423,"href":"https:\/\/niksnaks.taigacreative.fi\/index.php\/wp-json\/wp\/v2\/pages\/194\/revisions\/423"}],"wp:attachment":[{"href":"https:\/\/niksnaks.taigacreative.fi\/index.php\/wp-json\/wp\/v2\/media?parent=194"}],"curies":[{"name":"wp","href":"https:\/\/api.w.org\/{rel}","templated":true}]}}